{"id":19,"date":"2025-02-03T22:50:51","date_gmt":"2025-02-03T20:50:51","guid":{"rendered":"https:\/\/kenda.fi\/troll\/?page_id=19"},"modified":"2025-06-16T19:02:43","modified_gmt":"2025-06-16T16:02:43","slug":"stentroll","status":"publish","type":"page","link":"https:\/\/kenda.fi\/troll\/sv\/","title":{"rendered":"Stentroll"},"content":{"rendered":"\n<div class=\"wp-block-media-text has-media-on-the-right is-stacked-on-mobile is-image-fill-element\"><div class=\"wp-block-media-text__content\">\n<p>Sommaren 2014 b\u00f6rjade jag planera stentroll och sen limma jag stentroll varje sommar \u00e4nnu till och med sommaren 2024. Det b\u00f6rjade egentligen med att jag beh\u00f6vde en liten paus fr\u00e5n familjelivet n\u00e4r barnen var sm\u00e5. Att limma ihop stentroll var en orsak att komma bort fr\u00e5n allt och ha en lugn stund f\u00f6r sej sj\u00e4lv. <a href=\"https:\/\/kenda.fi\/troll\/sv\/skapandet\/\">L\u00e4s mera om skapandet.<\/a><\/p>\n<\/div><figure class=\"wp-block-media-text__media\"><img loading=\"lazy\" decoding=\"async\" width=\"900\" height=\"1200\" src=\"https:\/\/kenda.fi\/troll\/wp-content\/uploads\/2025\/02\/kenda-stone-troll-pointing-900x1200.jpg\" alt=\"\" class=\"wp-image-321 size-medium\" style=\"object-position:48% 42%\" srcset=\"https:\/\/kenda.fi\/troll\/wp-content\/uploads\/2025\/02\/kenda-stone-troll-pointing-900x1200.jpg 900w, https:\/\/kenda.fi\/troll\/wp-content\/uploads\/2025\/02\/kenda-stone-troll-pointing-scaled-416x555.jpg 416w, https:\/\/kenda.fi\/troll\/wp-content\/uploads\/2025\/02\/kenda-stone-troll-pointing-1350x1800.jpg 1350w, https:\/\/kenda.fi\/troll\/wp-content\/uploads\/2025\/02\/kenda-stone-troll-pointing-768x1024.jpg 768w, https:\/\/kenda.fi\/troll\/wp-content\/uploads\/2025\/02\/kenda-stone-troll-pointing-1152x1536.jpg 1152w, https:\/\/kenda.fi\/troll\/wp-content\/uploads\/2025\/02\/kenda-stone-troll-pointing-1536x2048.jpg 1536w, https:\/\/kenda.fi\/troll\/wp-content\/uploads\/2025\/02\/kenda-stone-troll-pointing-scaled.jpg 1920w\" sizes=\"auto, (max-width: 900px) 100vw, 900px\" \/><\/figure><\/div>\n\n\n\n<div class=\"wp-block-media-text is-stacked-on-mobile is-image-fill-element\"><figure class=\"wp-block-media-text__media\"><img loading=\"lazy\" decoding=\"async\" width=\"900\" height=\"1200\" src=\"https:\/\/kenda.fi\/troll\/wp-content\/uploads\/2025\/02\/kenda-stone-troll-groucho-900x1200.jpg\" alt=\"\" class=\"wp-image-327 size-medium\" style=\"object-position:59% 47%\" srcset=\"https:\/\/kenda.fi\/troll\/wp-content\/uploads\/2025\/02\/kenda-stone-troll-groucho-900x1200.jpg 900w, https:\/\/kenda.fi\/troll\/wp-content\/uploads\/2025\/02\/kenda-stone-troll-groucho-scaled-416x555.jpg 416w, https:\/\/kenda.fi\/troll\/wp-content\/uploads\/2025\/02\/kenda-stone-troll-groucho-1350x1800.jpg 1350w, https:\/\/kenda.fi\/troll\/wp-content\/uploads\/2025\/02\/kenda-stone-troll-groucho-768x1024.jpg 768w, https:\/\/kenda.fi\/troll\/wp-content\/uploads\/2025\/02\/kenda-stone-troll-groucho-1152x1536.jpg 1152w, https:\/\/kenda.fi\/troll\/wp-content\/uploads\/2025\/02\/kenda-stone-troll-groucho-1536x2048.jpg 1536w, https:\/\/kenda.fi\/troll\/wp-content\/uploads\/2025\/02\/kenda-stone-troll-groucho-scaled.jpg 1920w\" sizes=\"auto, (max-width: 900px) 100vw, 900px\" \/><\/figure><div class=\"wp-block-media-text__content\">\n<p>Om jag r\u00e4knat r\u00e4tt och kommit ih\u00e5g att fotografera alla, s\u00e5 har jag lagat totalt 74 troll. Av dem har jag gett 4 som g\u00e5va \u00e5t olika bekanta (av vilka ett troll tyv\u00e4rr g\u00e5tt s\u00f6nder p.g.a. h\u00e5rdh\u00e4nt lek). Alla bortgivna stentroll l\u00e4r ska alla fortfarande bo kvar i stugor p\u00e5 Emsal\u00f6.<\/p>\n<\/div><\/div>\n\n\n\n<div class=\"wp-block-media-text has-media-on-the-right is-stacked-on-mobile\"><div class=\"wp-block-media-text__content\">\n<p><a href=\"https:\/\/www.bbl.fi\/2023-12-12\/i-kenneths-trollfabrik-far-stenarna-liv-alla-troll-har-sin-egen-personlighet\/\" target=\"_blank\" rel=\"noreferrer noopener\">L\u00e4s om stentrollen i Borg\u00e5bladet!<\/a> (artikeln publicerades ursprungligen \u00e5r 2023 d\u00e5 tidningen hette \u00d6stnyland, vilket Borg\u00e5bladet hette under \u00e5ren 2015-2024) Betalmur, men har du t.ex. HBL-konto, s\u00e5 ser du hela artikeln. Artikeln \u00e4r publicerad i papperstidningen 8.12.2023 (<a href=\"https:\/\/kenda.fi\/stentroll\/2023-12-08_Ostnyland_-_2023-12-08_sidan-17.jpg\" target=\"_blank\" rel=\"noreferrer noopener\">sk\u00e4rmbild fr\u00e5n PDF<\/a>) och <a href=\"https:\/\/www.bbl.fi\/2023-12-12\/i-kenneths-trollfabrik-far-stenarna-liv-alla-troll-har-sin-egen-personlighet\/\" target=\"_blank\" rel=\"noreferrer noopener\">p\u00e5 webben<\/a> 12.12.2023.<\/p>\n<\/div><figure class=\"wp-block-media-text__media\"><img loading=\"lazy\" decoding=\"async\" width=\"870\" height=\"654\" src=\"https:\/\/kenda.fi\/troll\/wp-content\/uploads\/2025\/02\/kenneth.jpg\" alt=\"\" class=\"wp-image-368 size-full\" srcset=\"https:\/\/kenda.fi\/troll\/wp-content\/uploads\/2025\/02\/kenneth.jpg 870w, https:\/\/kenda.fi\/troll\/wp-content\/uploads\/2025\/02\/kenneth-416x313.jpg 416w, https:\/\/kenda.fi\/troll\/wp-content\/uploads\/2025\/02\/kenneth-768x577.jpg 768w\" sizes=\"auto, (max-width: 870px) 100vw, 870px\" \/><\/figure><\/div>\n\n\n\n<figure class=\"wp-block-embed is-type-video is-provider-vimeo wp-block-embed-vimeo wp-embed-aspect-16-9 wp-has-aspect-ratio\"><div class=\"wp-block-embed__wrapper\">\n<iframe loading=\"lazy\" src=\"https:\/\/player.vimeo.com\/video\/955591466?dnt=1&amp;app_id=122963\" width=\"980\" height=\"551\" frameborder=\"0\" allow=\"autoplay; fullscreen; picture-in-picture; clipboard-write; encrypted-media\"><\/iframe>\n<\/div><\/figure>\n\n\n\n<p>Sommaren 2024 hade jag en utst\u00e4llning i bybutiken p\u00e5 Emsal\u00f6. I 3 m\u00e5nader kunde folk i butikens caf\u00e9 titta p\u00e5 alla stentroll.<\/p>\n\n\n\n<div class=\"wp-block-buttons is-content-justification-center is-layout-flex wp-container-core-buttons-is-layout-a89b3969 wp-block-buttons-is-layout-flex\">\n<div class=\"wp-block-button\"><a class=\"wp-block-button__link has-text-align-center wp-element-button\" href=\"https:\/\/kenda.fi\/troll\/kauppa\/\">Till webbutiken (p\u00e5 finska)<\/a><\/div>\n<\/div>\n\n\n\n<p><\/p>\n","protected":false},"excerpt":{"rendered":"<p>Sommaren 2014 b\u00f6rjade jag planera stentroll och sen limma jag stentroll varje sommar \u00e4nnu till och med sommaren 2024. Det b\u00f6rjade egentligen med att jag beh\u00f6vde en liten paus fr\u00e5n familjelivet n\u00e4r barnen var sm\u00e5. Att limma ihop stentroll var en orsak att komma bort fr\u00e5n allt och ha en lugn stund f\u00f6r sej sj\u00e4lv. [&hellip;]<\/p>\n","protected":false},"author":1,"featured_media":0,"parent":0,"menu_order":0,"comment_status":"closed","ping_status":"open","template":"","meta":{"footnotes":""},"class_list":["post-19","page","type-page","status-publish","hentry"],"_links":{"self":[{"href":"https:\/\/kenda.fi\/troll\/wp-json\/wp\/v2\/pages\/19","targetHints":{"allow":["GET"]}}],"collection":[{"href":"https:\/\/kenda.fi\/troll\/wp-json\/wp\/v2\/pages"}],"about":[{"href":"https:\/\/kenda.fi\/troll\/wp-json\/wp\/v2\/types\/page"}],"author":[{"embeddable":true,"href":"https:\/\/kenda.fi\/troll\/wp-json\/wp\/v2\/users\/1"}],"replies":[{"embeddable":true,"href":"https:\/\/kenda.fi\/troll\/wp-json\/wp\/v2\/comments?post=19"}],"version-history":[{"count":9,"href":"https:\/\/kenda.fi\/troll\/wp-json\/wp\/v2\/pages\/19\/revisions"}],"predecessor-version":[{"id":585,"href":"https:\/\/kenda.fi\/troll\/wp-json\/wp\/v2\/pages\/19\/revisions\/585"}],"wp:attachment":[{"href":"https:\/\/kenda.fi\/troll\/wp-json\/wp\/v2\/media?parent=19"}],"curies":[{"name":"wp","href":"https:\/\/api.w.org\/{rel}","templated":true}]}}