{"id":2,"date":"2025-02-03T22:01:46","date_gmt":"2025-02-03T20:01:46","guid":{"rendered":"https:\/\/kenda.fi\/kenda\/troll\/?page_id=2"},"modified":"2025-06-16T18:59:54","modified_gmt":"2025-06-16T15:59:54","slug":"etusivu","status":"publish","type":"page","link":"https:\/\/kenda.fi\/troll\/","title":{"rendered":"Kivipeikot"},"content":{"rendered":"\n<div class=\"wp-block-media-text has-media-on-the-right is-stacked-on-mobile is-image-fill-element\"><div class=\"wp-block-media-text__content\">\n<p>Kes\u00e4ll\u00e4 2014 aloin suunnitella kivipeikkoja ja liimaamaan niit\u00e4 joka kes\u00e4 kes\u00e4\u00e4n 2024 asti. Kaikki alkoi siit\u00e4, ett\u00e4 tarvitsin pient\u00e4 taukoa perhe-el\u00e4m\u00e4st\u00e4 lasten ollessa pieni\u00e4. Kivipeikkojen liimaaminen oli syy p\u00e4\u00e4st\u00e4 eroon kaikesta ja viett\u00e4\u00e4 rauhallinen hetki yksin. <a href=\"https:\/\/kenda.fi\/troll\/tekeminen\/\" data-type=\"page\" data-id=\"93\">Lue lis\u00e4\u00e4 luomisprosessista.<\/a><\/p>\n<\/div><figure class=\"wp-block-media-text__media\"><img loading=\"lazy\" decoding=\"async\" width=\"900\" height=\"1200\" src=\"https:\/\/kenda.fi\/troll\/wp-content\/uploads\/2025\/02\/kenda-stone-troll-pointing-900x1200.jpg\" alt=\"\" class=\"wp-image-321 size-medium\" style=\"object-position:48% 42%\" srcset=\"https:\/\/kenda.fi\/troll\/wp-content\/uploads\/2025\/02\/kenda-stone-troll-pointing-900x1200.jpg 900w, https:\/\/kenda.fi\/troll\/wp-content\/uploads\/2025\/02\/kenda-stone-troll-pointing-scaled-416x555.jpg 416w, https:\/\/kenda.fi\/troll\/wp-content\/uploads\/2025\/02\/kenda-stone-troll-pointing-1350x1800.jpg 1350w, https:\/\/kenda.fi\/troll\/wp-content\/uploads\/2025\/02\/kenda-stone-troll-pointing-768x1024.jpg 768w, https:\/\/kenda.fi\/troll\/wp-content\/uploads\/2025\/02\/kenda-stone-troll-pointing-1152x1536.jpg 1152w, https:\/\/kenda.fi\/troll\/wp-content\/uploads\/2025\/02\/kenda-stone-troll-pointing-1536x2048.jpg 1536w, https:\/\/kenda.fi\/troll\/wp-content\/uploads\/2025\/02\/kenda-stone-troll-pointing-scaled.jpg 1920w\" sizes=\"auto, (max-width: 900px) 100vw, 900px\" \/><\/figure><\/div>\n\n\n\n<div class=\"wp-block-media-text is-stacked-on-mobile is-image-fill-element\"><figure class=\"wp-block-media-text__media\"><img loading=\"lazy\" decoding=\"async\" width=\"900\" height=\"1200\" src=\"https:\/\/kenda.fi\/troll\/wp-content\/uploads\/2025\/02\/kenda-stone-troll-groucho-900x1200.jpg\" alt=\"\" class=\"wp-image-327 size-medium\" style=\"object-position:59% 47%\" srcset=\"https:\/\/kenda.fi\/troll\/wp-content\/uploads\/2025\/02\/kenda-stone-troll-groucho-900x1200.jpg 900w, https:\/\/kenda.fi\/troll\/wp-content\/uploads\/2025\/02\/kenda-stone-troll-groucho-scaled-416x555.jpg 416w, https:\/\/kenda.fi\/troll\/wp-content\/uploads\/2025\/02\/kenda-stone-troll-groucho-1350x1800.jpg 1350w, https:\/\/kenda.fi\/troll\/wp-content\/uploads\/2025\/02\/kenda-stone-troll-groucho-768x1024.jpg 768w, https:\/\/kenda.fi\/troll\/wp-content\/uploads\/2025\/02\/kenda-stone-troll-groucho-1152x1536.jpg 1152w, https:\/\/kenda.fi\/troll\/wp-content\/uploads\/2025\/02\/kenda-stone-troll-groucho-1536x2048.jpg 1536w, https:\/\/kenda.fi\/troll\/wp-content\/uploads\/2025\/02\/kenda-stone-troll-groucho-scaled.jpg 1920w\" sizes=\"auto, (max-width: 900px) 100vw, 900px\" \/><\/figure><div class=\"wp-block-media-text__content\">\n<p>Jos laskin oikein ja muistin kuvata kaikki, olen tehnyt yhteens\u00e4 74 peikkoa. Olen antanut niist\u00e4 4 lahjaksi eri tuttaville (joista yksi valitettavasti meni rikki kovaotteisen leikin takia). Kaikkien lahjaksi annetut kivipeikot taitavat edelleen asuva Em\u00e4salon m\u00f6keiss\u00e4.<\/p>\n<\/div><\/div>\n\n\n\n<div class=\"wp-block-media-text has-media-on-the-right is-stacked-on-mobile\"><div class=\"wp-block-media-text__content\">\n<p><a href=\"https:\/\/www.bbl.fi\/2023-12-12\/i-kenneths-trollfabrik-far-stenarna-liv-alla-troll-har-sin-egen-personlighet\/\" target=\"_blank\" rel=\"noreferrer noopener\">Lue kivipeikoista ruotsiksi Borg\u00e5bladetissa!<\/a> (artikkeli julkaistiin alunperin vuonna 2023, kun sanomalehti oli nimelt\u00e4\u00e4n \u00d6stnyland, mink\u00e4 niminen Borg\u00e5bladet oli vuosina 2015-2024) Maksumuuri, mutta jos sinulla on esim. HBL-tili, niin n\u00e4et koko artikkelin. Artikkeli on julkaistu lehdess\u00e4 8.12.2023 (<a href=\"https:\/\/kenda.fi\/stentroll\/2023-12-08_Ostnyland_-_2023-12-08_sidan-17.jpg\" target=\"_blank\" rel=\"noreferrer noopener\">kuvakaappaus PDF:st\u00e4<\/a>) ja <a href=\"https:\/\/www.bbl.fi\/2023-12-12\/i-kenneths-trollfabrik-far-stenarna-liv-alla-troll-har-sin-egen-personlighet\/\" target=\"_blank\" rel=\"noreferrer noopener\">verkossa<\/a> 12.12.2023.<\/p>\n<\/div><figure class=\"wp-block-media-text__media\"><img loading=\"lazy\" decoding=\"async\" width=\"870\" height=\"654\" src=\"https:\/\/kenda.fi\/troll\/wp-content\/uploads\/2025\/02\/kenneth.jpg\" alt=\"\" class=\"wp-image-368 size-full\" srcset=\"https:\/\/kenda.fi\/troll\/wp-content\/uploads\/2025\/02\/kenneth.jpg 870w, https:\/\/kenda.fi\/troll\/wp-content\/uploads\/2025\/02\/kenneth-416x313.jpg 416w, https:\/\/kenda.fi\/troll\/wp-content\/uploads\/2025\/02\/kenneth-768x577.jpg 768w\" sizes=\"auto, (max-width: 870px) 100vw, 870px\" \/><\/figure><\/div>\n\n\n\n<figure class=\"wp-block-embed is-type-video is-provider-vimeo wp-block-embed-vimeo wp-embed-aspect-16-9 wp-has-aspect-ratio\"><div class=\"wp-block-embed__wrapper\">\n<iframe loading=\"lazy\" src=\"https:\/\/player.vimeo.com\/video\/955591466?dnt=1&amp;app_id=122963\" width=\"980\" height=\"551\" frameborder=\"0\" allow=\"autoplay; fullscreen; picture-in-picture; clipboard-write; encrypted-media\"><\/iframe>\n<\/div><\/figure>\n\n\n\n<p>Kes\u00e4ll\u00e4 2024 minulla oli n\u00e4yttely Em\u00e4salon kyl\u00e4kaupassa. Kolmen kuukauden ajan myym\u00e4l\u00e4n kahvilan ihmiset saivat katsella kaikkia kivipeikkoja.<\/p>\n\n\n\n<div class=\"wp-block-buttons is-content-justification-center is-layout-flex wp-container-core-buttons-is-layout-a89b3969 wp-block-buttons-is-layout-flex\">\n<div class=\"wp-block-button\"><a class=\"wp-block-button__link has-text-align-center wp-element-button\" href=\"https:\/\/kenda.fi\/troll\/kauppa\/\">Verkkokauppaan<\/a><\/div>\n<\/div>\n\n\n\n<p><\/p>\n","protected":false},"excerpt":{"rendered":"<p>Kes\u00e4ll\u00e4 2014 aloin suunnitella kivipeikkoja ja liimaamaan niit\u00e4 joka kes\u00e4 kes\u00e4\u00e4n 2024 asti. Kaikki alkoi siit\u00e4, ett\u00e4 tarvitsin pient\u00e4 taukoa perhe-el\u00e4m\u00e4st\u00e4 lasten ollessa pieni\u00e4. Kivipeikkojen liimaaminen oli syy p\u00e4\u00e4st\u00e4 eroon kaikesta ja viett\u00e4\u00e4 rauhallinen hetki yksin. Lue lis\u00e4\u00e4 luomisprosessista. Jos laskin oikein ja muistin kuvata kaikki, olen tehnyt yhteens\u00e4 74 peikkoa. Olen antanut niist\u00e4 4 [&hellip;]<\/p>\n","protected":false},"author":1,"featured_media":0,"parent":0,"menu_order":0,"comment_status":"closed","ping_status":"open","template":"","meta":{"footnotes":""},"class_list":["post-2","page","type-page","status-publish","hentry"],"_links":{"self":[{"href":"https:\/\/kenda.fi\/troll\/wp-json\/wp\/v2\/pages\/2","targetHints":{"allow":["GET"]}}],"collection":[{"href":"https:\/\/kenda.fi\/troll\/wp-json\/wp\/v2\/pages"}],"about":[{"href":"https:\/\/kenda.fi\/troll\/wp-json\/wp\/v2\/types\/page"}],"author":[{"embeddable":true,"href":"https:\/\/kenda.fi\/troll\/wp-json\/wp\/v2\/users\/1"}],"replies":[{"embeddable":true,"href":"https:\/\/kenda.fi\/troll\/wp-json\/wp\/v2\/comments?post=2"}],"version-history":[{"count":4,"href":"https:\/\/kenda.fi\/troll\/wp-json\/wp\/v2\/pages\/2\/revisions"}],"predecessor-version":[{"id":581,"href":"https:\/\/kenda.fi\/troll\/wp-json\/wp\/v2\/pages\/2\/revisions\/581"}],"wp:attachment":[{"href":"https:\/\/kenda.fi\/troll\/wp-json\/wp\/v2\/media?parent=2"}],"curies":[{"name":"wp","href":"https:\/\/api.w.org\/{rel}","templated":true}]}}