{"id":93,"date":"2025-02-04T01:08:25","date_gmt":"2025-02-03T23:08:25","guid":{"rendered":"https:\/\/kenda.fi\/troll\/?page_id=93"},"modified":"2025-06-16T19:01:08","modified_gmt":"2025-06-16T16:01:08","slug":"valmistus","status":"publish","type":"page","link":"https:\/\/kenda.fi\/troll\/valmistus\/","title":{"rendered":"Valmistus"},"content":{"rendered":"\n<p>Kaikki kivet ja sammal ovat omalta rannaltamme ja maatilaltamme Porvoon Em\u00e4salosta. Vietin lukemattomia tunteja lasten kanssa rannalla ja k\u00e4ytin tilaisuutta hyv\u00e4kseni etsi\u00e4 sopivia kivi\u00e4.<\/p>\n\n\n\n<p>Ensin minun piti l\u00f6yt\u00e4\u00e4 riitt\u00e4v\u00e4n vahva liima. L\u00f6ysin Tremco PL400:n, joka pystyy pit\u00e4m\u00e4\u00e4n yhdess\u00e4 erikokoisia kivi\u00e4. Kun se loppui, en l\u00f6yt\u00e4nyt sit\u00e4 en\u00e4\u00e4 mist\u00e4\u00e4n rautakaupasta, joten vaihdoin Pattex No More Nailsiin. Molemmat olivat halpoja ja pitiv\u00e4t kivet yhdess\u00e4 paljon paremmin kuin useimmat liimat. Haittapuolena on, ett\u00e4 ne kuivuvat hyvin hitaasti. K\u00e4yt\u00e4nn\u00f6ss\u00e4 olen p\u00e4\u00e4ssyt liimaamaan vain yhden k\u00e4den kerrallaan ja sitten piti odottaa p\u00e4iv\u00e4 sen kuivumista ennen kuin pystyin liimaamaan toisen. Peikkojen rakentamisprosessi on siis ollut pitk\u00e4, mutta olen liimannut useita peikkoja saman p\u00e4iv\u00e4n aikana. Joskus on mennyt viikko, kun en ole liimannut mit\u00e4\u00e4n. Minulla ei ole ollut kiire.<\/p>\n\n\n\n<p>Hiukset ovat olleet tuoretta sammalta, jonka liimasin samalla liimalla, jolla liimasin kivet yhteen. Se on ollut sotkuisin vaihe \u2013 sammaleen painaminen sormella tahmeaan massaan.<\/p>\n\n\n\n<p>Ostin silm\u00e4t tavallisesta askartelukaupasta. Ne ovat sellaisia, joissa ei ole omaa liimapintaa. Sellaiset eiv\u00e4t pysy kiinni kiven ep\u00e4tasaisessa pinnassa. Kiinnitin silm\u00e4t kontaktiliimalla. Olen my\u00f6s k\u00e4ytt\u00e4nyt samaa liimaa vahvistamaan hiusten pitoa.<\/p>\n\n\n\n<figure class=\"wp-block-gallery has-nested-images columns-default is-cropped wp-block-gallery-1 is-layout-flex wp-block-gallery-is-layout-flex\">\n<figure class=\"wp-block-image size-large\"><a href=\"https:\/\/kenda.fi\/troll\/wp-content\/uploads\/2025\/02\/kenda-stone-trolls-makingof-01.jpg\"><img loading=\"lazy\" decoding=\"async\" width=\"1800\" height=\"1013\" data-id=\"383\" src=\"https:\/\/kenda.fi\/troll\/wp-content\/uploads\/2025\/02\/kenda-stone-trolls-makingof-01-1800x1013.jpg\" alt=\"\" class=\"wp-image-383\" srcset=\"https:\/\/kenda.fi\/troll\/wp-content\/uploads\/2025\/02\/kenda-stone-trolls-makingof-01-1800x1013.jpg 1800w, https:\/\/kenda.fi\/troll\/wp-content\/uploads\/2025\/02\/kenda-stone-trolls-makingof-01-416x234.jpg 416w, https:\/\/kenda.fi\/troll\/wp-content\/uploads\/2025\/02\/kenda-stone-trolls-makingof-01-1200x675.jpg 1200w, https:\/\/kenda.fi\/troll\/wp-content\/uploads\/2025\/02\/kenda-stone-trolls-makingof-01-768x432.jpg 768w, https:\/\/kenda.fi\/troll\/wp-content\/uploads\/2025\/02\/kenda-stone-trolls-makingof-01-1536x864.jpg 1536w, https:\/\/kenda.fi\/troll\/wp-content\/uploads\/2025\/02\/kenda-stone-trolls-makingof-01.jpg 2000w\" sizes=\"auto, (max-width: 1800px) 100vw, 1800px\" \/><\/a><\/figure>\n\n\n\n<figure class=\"wp-block-image size-large\"><a href=\"https:\/\/kenda.fi\/troll\/wp-content\/uploads\/2025\/02\/kenda-stone-trolls-makingof-02.jpg\"><img loading=\"lazy\" decoding=\"async\" width=\"1800\" height=\"1350\" data-id=\"384\" src=\"https:\/\/kenda.fi\/troll\/wp-content\/uploads\/2025\/02\/kenda-stone-trolls-makingof-02-1800x1350.jpg\" alt=\"\" class=\"wp-image-384\" srcset=\"https:\/\/kenda.fi\/troll\/wp-content\/uploads\/2025\/02\/kenda-stone-trolls-makingof-02-1800x1350.jpg 1800w, https:\/\/kenda.fi\/troll\/wp-content\/uploads\/2025\/02\/kenda-stone-trolls-makingof-02-416x312.jpg 416w, https:\/\/kenda.fi\/troll\/wp-content\/uploads\/2025\/02\/kenda-stone-trolls-makingof-02-1200x900.jpg 1200w, https:\/\/kenda.fi\/troll\/wp-content\/uploads\/2025\/02\/kenda-stone-trolls-makingof-02-768x576.jpg 768w, https:\/\/kenda.fi\/troll\/wp-content\/uploads\/2025\/02\/kenda-stone-trolls-makingof-02-1536x1152.jpg 1536w, https:\/\/kenda.fi\/troll\/wp-content\/uploads\/2025\/02\/kenda-stone-trolls-makingof-02.jpg 2000w\" sizes=\"auto, (max-width: 1800px) 100vw, 1800px\" \/><\/a><\/figure>\n\n\n\n<figure class=\"wp-block-image size-large\"><a href=\"https:\/\/kenda.fi\/troll\/wp-content\/uploads\/2025\/02\/kenda-stone-trolls-makingof-03.jpg\"><img loading=\"lazy\" decoding=\"async\" width=\"1800\" height=\"1013\" data-id=\"385\" src=\"https:\/\/kenda.fi\/troll\/wp-content\/uploads\/2025\/02\/kenda-stone-trolls-makingof-03-1800x1013.jpg\" alt=\"\" class=\"wp-image-385\" srcset=\"https:\/\/kenda.fi\/troll\/wp-content\/uploads\/2025\/02\/kenda-stone-trolls-makingof-03-1800x1013.jpg 1800w, https:\/\/kenda.fi\/troll\/wp-content\/uploads\/2025\/02\/kenda-stone-trolls-makingof-03-416x234.jpg 416w, https:\/\/kenda.fi\/troll\/wp-content\/uploads\/2025\/02\/kenda-stone-trolls-makingof-03-1200x675.jpg 1200w, https:\/\/kenda.fi\/troll\/wp-content\/uploads\/2025\/02\/kenda-stone-trolls-makingof-03-768x432.jpg 768w, https:\/\/kenda.fi\/troll\/wp-content\/uploads\/2025\/02\/kenda-stone-trolls-makingof-03-1536x864.jpg 1536w, https:\/\/kenda.fi\/troll\/wp-content\/uploads\/2025\/02\/kenda-stone-trolls-makingof-03.jpg 2000w\" sizes=\"auto, (max-width: 1800px) 100vw, 1800px\" \/><\/a><\/figure>\n\n\n\n<figure class=\"wp-block-image size-large\"><a href=\"https:\/\/kenda.fi\/troll\/wp-content\/uploads\/2025\/02\/kenda-stone-trolls-makingof-04.jpg\"><img loading=\"lazy\" decoding=\"async\" width=\"1800\" height=\"1013\" data-id=\"386\" src=\"https:\/\/kenda.fi\/troll\/wp-content\/uploads\/2025\/02\/kenda-stone-trolls-makingof-04-1800x1013.jpg\" alt=\"\" class=\"wp-image-386\" srcset=\"https:\/\/kenda.fi\/troll\/wp-content\/uploads\/2025\/02\/kenda-stone-trolls-makingof-04-1800x1013.jpg 1800w, https:\/\/kenda.fi\/troll\/wp-content\/uploads\/2025\/02\/kenda-stone-trolls-makingof-04-416x234.jpg 416w, https:\/\/kenda.fi\/troll\/wp-content\/uploads\/2025\/02\/kenda-stone-trolls-makingof-04-1200x675.jpg 1200w, https:\/\/kenda.fi\/troll\/wp-content\/uploads\/2025\/02\/kenda-stone-trolls-makingof-04-768x432.jpg 768w, https:\/\/kenda.fi\/troll\/wp-content\/uploads\/2025\/02\/kenda-stone-trolls-makingof-04-1536x864.jpg 1536w, https:\/\/kenda.fi\/troll\/wp-content\/uploads\/2025\/02\/kenda-stone-trolls-makingof-04.jpg 2000w\" sizes=\"auto, (max-width: 1800px) 100vw, 1800px\" \/><\/a><\/figure>\n\n\n\n<figure class=\"wp-block-image size-large\"><a href=\"https:\/\/kenda.fi\/troll\/wp-content\/uploads\/2025\/02\/kenda-stone-trolls-makingof-05.jpg\"><img loading=\"lazy\" decoding=\"async\" width=\"1800\" height=\"1013\" data-id=\"387\" src=\"https:\/\/kenda.fi\/troll\/wp-content\/uploads\/2025\/02\/kenda-stone-trolls-makingof-05-1800x1013.jpg\" alt=\"\" class=\"wp-image-387\" srcset=\"https:\/\/kenda.fi\/troll\/wp-content\/uploads\/2025\/02\/kenda-stone-trolls-makingof-05-1800x1013.jpg 1800w, https:\/\/kenda.fi\/troll\/wp-content\/uploads\/2025\/02\/kenda-stone-trolls-makingof-05-416x234.jpg 416w, https:\/\/kenda.fi\/troll\/wp-content\/uploads\/2025\/02\/kenda-stone-trolls-makingof-05-1200x675.jpg 1200w, https:\/\/kenda.fi\/troll\/wp-content\/uploads\/2025\/02\/kenda-stone-trolls-makingof-05-768x432.jpg 768w, https:\/\/kenda.fi\/troll\/wp-content\/uploads\/2025\/02\/kenda-stone-trolls-makingof-05-1536x864.jpg 1536w, https:\/\/kenda.fi\/troll\/wp-content\/uploads\/2025\/02\/kenda-stone-trolls-makingof-05.jpg 2000w\" sizes=\"auto, (max-width: 1800px) 100vw, 1800px\" \/><\/a><\/figure>\n\n\n\n<figure class=\"wp-block-image size-large\"><a href=\"https:\/\/kenda.fi\/troll\/wp-content\/uploads\/2025\/02\/kenda-stone-trolls-makingof-06.jpg\"><img loading=\"lazy\" decoding=\"async\" width=\"1800\" height=\"1013\" data-id=\"388\" src=\"https:\/\/kenda.fi\/troll\/wp-content\/uploads\/2025\/02\/kenda-stone-trolls-makingof-06-1800x1013.jpg\" alt=\"\" class=\"wp-image-388\" srcset=\"https:\/\/kenda.fi\/troll\/wp-content\/uploads\/2025\/02\/kenda-stone-trolls-makingof-06-1800x1013.jpg 1800w, https:\/\/kenda.fi\/troll\/wp-content\/uploads\/2025\/02\/kenda-stone-trolls-makingof-06-416x234.jpg 416w, https:\/\/kenda.fi\/troll\/wp-content\/uploads\/2025\/02\/kenda-stone-trolls-makingof-06-1200x675.jpg 1200w, https:\/\/kenda.fi\/troll\/wp-content\/uploads\/2025\/02\/kenda-stone-trolls-makingof-06-768x432.jpg 768w, https:\/\/kenda.fi\/troll\/wp-content\/uploads\/2025\/02\/kenda-stone-trolls-makingof-06-1536x864.jpg 1536w, https:\/\/kenda.fi\/troll\/wp-content\/uploads\/2025\/02\/kenda-stone-trolls-makingof-06.jpg 2000w\" sizes=\"auto, (max-width: 1800px) 100vw, 1800px\" \/><\/a><\/figure>\n\n\n\n<figure class=\"wp-block-image size-large\"><a href=\"https:\/\/kenda.fi\/troll\/wp-content\/uploads\/2025\/02\/kenda-stone-trolls-makingof-07.jpg\"><img loading=\"lazy\" decoding=\"async\" width=\"1800\" height=\"1013\" data-id=\"389\" src=\"https:\/\/kenda.fi\/troll\/wp-content\/uploads\/2025\/02\/kenda-stone-trolls-makingof-07-1800x1013.jpg\" alt=\"\" class=\"wp-image-389\" srcset=\"https:\/\/kenda.fi\/troll\/wp-content\/uploads\/2025\/02\/kenda-stone-trolls-makingof-07-1800x1013.jpg 1800w, https:\/\/kenda.fi\/troll\/wp-content\/uploads\/2025\/02\/kenda-stone-trolls-makingof-07-416x234.jpg 416w, https:\/\/kenda.fi\/troll\/wp-content\/uploads\/2025\/02\/kenda-stone-trolls-makingof-07-1200x675.jpg 1200w, https:\/\/kenda.fi\/troll\/wp-content\/uploads\/2025\/02\/kenda-stone-trolls-makingof-07-768x432.jpg 768w, https:\/\/kenda.fi\/troll\/wp-content\/uploads\/2025\/02\/kenda-stone-trolls-makingof-07-1536x864.jpg 1536w, https:\/\/kenda.fi\/troll\/wp-content\/uploads\/2025\/02\/kenda-stone-trolls-makingof-07.jpg 2000w\" sizes=\"auto, (max-width: 1800px) 100vw, 1800px\" \/><\/a><\/figure>\n\n\n\n<figure class=\"wp-block-image size-large\"><a href=\"https:\/\/kenda.fi\/troll\/wp-content\/uploads\/2025\/02\/kenda-stone-trolls-makingof-08.jpg\"><img loading=\"lazy\" decoding=\"async\" width=\"1800\" height=\"1013\" data-id=\"390\" src=\"https:\/\/kenda.fi\/troll\/wp-content\/uploads\/2025\/02\/kenda-stone-trolls-makingof-08-1800x1013.jpg\" alt=\"\" class=\"wp-image-390\" srcset=\"https:\/\/kenda.fi\/troll\/wp-content\/uploads\/2025\/02\/kenda-stone-trolls-makingof-08-1800x1013.jpg 1800w, https:\/\/kenda.fi\/troll\/wp-content\/uploads\/2025\/02\/kenda-stone-trolls-makingof-08-416x234.jpg 416w, https:\/\/kenda.fi\/troll\/wp-content\/uploads\/2025\/02\/kenda-stone-trolls-makingof-08-1200x675.jpg 1200w, https:\/\/kenda.fi\/troll\/wp-content\/uploads\/2025\/02\/kenda-stone-trolls-makingof-08-768x432.jpg 768w, https:\/\/kenda.fi\/troll\/wp-content\/uploads\/2025\/02\/kenda-stone-trolls-makingof-08-1536x864.jpg 1536w, https:\/\/kenda.fi\/troll\/wp-content\/uploads\/2025\/02\/kenda-stone-trolls-makingof-08.jpg 2000w\" sizes=\"auto, (max-width: 1800px) 100vw, 1800px\" \/><\/a><\/figure>\n\n\n\n<figure class=\"wp-block-image size-large\"><a href=\"https:\/\/kenda.fi\/troll\/wp-content\/uploads\/2025\/02\/kenda-stone-trolls-makingof-09.jpg\"><img loading=\"lazy\" decoding=\"async\" width=\"1800\" height=\"1013\" data-id=\"391\" src=\"https:\/\/kenda.fi\/troll\/wp-content\/uploads\/2025\/02\/kenda-stone-trolls-makingof-09-1800x1013.jpg\" alt=\"\" class=\"wp-image-391\" srcset=\"https:\/\/kenda.fi\/troll\/wp-content\/uploads\/2025\/02\/kenda-stone-trolls-makingof-09-1800x1013.jpg 1800w, https:\/\/kenda.fi\/troll\/wp-content\/uploads\/2025\/02\/kenda-stone-trolls-makingof-09-416x234.jpg 416w, https:\/\/kenda.fi\/troll\/wp-content\/uploads\/2025\/02\/kenda-stone-trolls-makingof-09-1200x675.jpg 1200w, https:\/\/kenda.fi\/troll\/wp-content\/uploads\/2025\/02\/kenda-stone-trolls-makingof-09-768x432.jpg 768w, https:\/\/kenda.fi\/troll\/wp-content\/uploads\/2025\/02\/kenda-stone-trolls-makingof-09-1536x864.jpg 1536w, https:\/\/kenda.fi\/troll\/wp-content\/uploads\/2025\/02\/kenda-stone-trolls-makingof-09.jpg 2000w\" sizes=\"auto, (max-width: 1800px) 100vw, 1800px\" \/><\/a><\/figure>\n\n\n\n<figure class=\"wp-block-image size-large\"><a href=\"https:\/\/kenda.fi\/troll\/wp-content\/uploads\/2025\/02\/kenda-stone-trolls-makingof-10.jpg\"><img loading=\"lazy\" decoding=\"async\" width=\"1800\" height=\"1350\" data-id=\"392\" src=\"https:\/\/kenda.fi\/troll\/wp-content\/uploads\/2025\/02\/kenda-stone-trolls-makingof-10-1800x1350.jpg\" alt=\"\" class=\"wp-image-392\" srcset=\"https:\/\/kenda.fi\/troll\/wp-content\/uploads\/2025\/02\/kenda-stone-trolls-makingof-10-1800x1350.jpg 1800w, https:\/\/kenda.fi\/troll\/wp-content\/uploads\/2025\/02\/kenda-stone-trolls-makingof-10-416x312.jpg 416w, https:\/\/kenda.fi\/troll\/wp-content\/uploads\/2025\/02\/kenda-stone-trolls-makingof-10-1200x900.jpg 1200w, https:\/\/kenda.fi\/troll\/wp-content\/uploads\/2025\/02\/kenda-stone-trolls-makingof-10-768x576.jpg 768w, https:\/\/kenda.fi\/troll\/wp-content\/uploads\/2025\/02\/kenda-stone-trolls-makingof-10-1536x1152.jpg 1536w, https:\/\/kenda.fi\/troll\/wp-content\/uploads\/2025\/02\/kenda-stone-trolls-makingof-10.jpg 2000w\" sizes=\"auto, (max-width: 1800px) 100vw, 1800px\" \/><\/a><\/figure>\n\n\n\n<figure class=\"wp-block-image size-large\"><a href=\"https:\/\/kenda.fi\/troll\/wp-content\/uploads\/2025\/02\/kenda-stone-trolls-makingof-11.jpg\"><img loading=\"lazy\" decoding=\"async\" width=\"1800\" height=\"1013\" data-id=\"393\" src=\"https:\/\/kenda.fi\/troll\/wp-content\/uploads\/2025\/02\/kenda-stone-trolls-makingof-11-1800x1013.jpg\" alt=\"\" class=\"wp-image-393\" srcset=\"https:\/\/kenda.fi\/troll\/wp-content\/uploads\/2025\/02\/kenda-stone-trolls-makingof-11-1800x1013.jpg 1800w, https:\/\/kenda.fi\/troll\/wp-content\/uploads\/2025\/02\/kenda-stone-trolls-makingof-11-416x234.jpg 416w, https:\/\/kenda.fi\/troll\/wp-content\/uploads\/2025\/02\/kenda-stone-trolls-makingof-11-1200x675.jpg 1200w, https:\/\/kenda.fi\/troll\/wp-content\/uploads\/2025\/02\/kenda-stone-trolls-makingof-11-768x432.jpg 768w, https:\/\/kenda.fi\/troll\/wp-content\/uploads\/2025\/02\/kenda-stone-trolls-makingof-11-1536x864.jpg 1536w, https:\/\/kenda.fi\/troll\/wp-content\/uploads\/2025\/02\/kenda-stone-trolls-makingof-11.jpg 2000w\" sizes=\"auto, (max-width: 1800px) 100vw, 1800px\" \/><\/a><\/figure>\n\n\n\n<figure class=\"wp-block-image size-large\"><a href=\"https:\/\/kenda.fi\/troll\/wp-content\/uploads\/2025\/02\/kenda-stone-trolls-makingof-12.jpg\"><img loading=\"lazy\" decoding=\"async\" width=\"1800\" height=\"1013\" data-id=\"394\" src=\"https:\/\/kenda.fi\/troll\/wp-content\/uploads\/2025\/02\/kenda-stone-trolls-makingof-12-1800x1013.jpg\" alt=\"\" class=\"wp-image-394\" srcset=\"https:\/\/kenda.fi\/troll\/wp-content\/uploads\/2025\/02\/kenda-stone-trolls-makingof-12-1800x1013.jpg 1800w, https:\/\/kenda.fi\/troll\/wp-content\/uploads\/2025\/02\/kenda-stone-trolls-makingof-12-416x234.jpg 416w, https:\/\/kenda.fi\/troll\/wp-content\/uploads\/2025\/02\/kenda-stone-trolls-makingof-12-1200x675.jpg 1200w, https:\/\/kenda.fi\/troll\/wp-content\/uploads\/2025\/02\/kenda-stone-trolls-makingof-12-768x432.jpg 768w, https:\/\/kenda.fi\/troll\/wp-content\/uploads\/2025\/02\/kenda-stone-trolls-makingof-12-1536x864.jpg 1536w, https:\/\/kenda.fi\/troll\/wp-content\/uploads\/2025\/02\/kenda-stone-trolls-makingof-12.jpg 2000w\" sizes=\"auto, (max-width: 1800px) 100vw, 1800px\" \/><\/a><\/figure>\n<\/figure>\n\n\n\n<div class=\"wp-block-buttons is-content-justification-center is-layout-flex wp-container-core-buttons-is-layout-a89b3969 wp-block-buttons-is-layout-flex\">\n<div class=\"wp-block-button\"><a class=\"wp-block-button__link has-text-align-center wp-element-button\" href=\"https:\/\/kenda.fi\/troll\/kauppa\/\">Verkkokauppaan<\/a><\/div>\n<\/div>\n\n\n\n<p><\/p>\n","protected":false},"excerpt":{"rendered":"<p>Kaikki kivet ja sammal ovat omalta rannaltamme ja maatilaltamme Porvoon Em\u00e4salosta. Vietin lukemattomia tunteja lasten kanssa rannalla ja k\u00e4ytin tilaisuutta hyv\u00e4kseni etsi\u00e4 sopivia kivi\u00e4. Ensin minun piti l\u00f6yt\u00e4\u00e4 riitt\u00e4v\u00e4n vahva liima. L\u00f6ysin Tremco PL400:n, joka pystyy pit\u00e4m\u00e4\u00e4n yhdess\u00e4 erikokoisia kivi\u00e4. Kun se loppui, en l\u00f6yt\u00e4nyt sit\u00e4 en\u00e4\u00e4 mist\u00e4\u00e4n rautakaupasta, joten vaihdoin Pattex No More Nailsiin. [&hellip;]<\/p>\n","protected":false},"author":1,"featured_media":0,"parent":0,"menu_order":0,"comment_status":"closed","ping_status":"closed","template":"","meta":{"footnotes":""},"class_list":["post-93","page","type-page","status-publish","hentry"],"_links":{"self":[{"href":"https:\/\/kenda.fi\/troll\/wp-json\/wp\/v2\/pages\/93","targetHints":{"allow":["GET"]}}],"collection":[{"href":"https:\/\/kenda.fi\/troll\/wp-json\/wp\/v2\/pages"}],"about":[{"href":"https:\/\/kenda.fi\/troll\/wp-json\/wp\/v2\/types\/page"}],"author":[{"embeddable":true,"href":"https:\/\/kenda.fi\/troll\/wp-json\/wp\/v2\/users\/1"}],"replies":[{"embeddable":true,"href":"https:\/\/kenda.fi\/troll\/wp-json\/wp\/v2\/comments?post=93"}],"version-history":[{"count":5,"href":"https:\/\/kenda.fi\/troll\/wp-json\/wp\/v2\/pages\/93\/revisions"}],"predecessor-version":[{"id":583,"href":"https:\/\/kenda.fi\/troll\/wp-json\/wp\/v2\/pages\/93\/revisions\/583"}],"wp:attachment":[{"href":"https:\/\/kenda.fi\/troll\/wp-json\/wp\/v2\/media?parent=93"}],"curies":[{"name":"wp","href":"https:\/\/api.w.org\/{rel}","templated":true}]}}