{"id":95,"date":"2025-02-04T01:08:39","date_gmt":"2025-02-03T23:08:39","guid":{"rendered":"https:\/\/kenda.fi\/troll\/?page_id=95"},"modified":"2025-06-16T19:03:17","modified_gmt":"2025-06-16T16:03:17","slug":"tillverkning","status":"publish","type":"page","link":"https:\/\/kenda.fi\/troll\/sv\/tillverkning\/","title":{"rendered":"Tillverkning"},"content":{"rendered":"\n<p>Alla stenar och all mossa \u00e4r fr\u00e5n v\u00e5r egen strand och g\u00e5rd p\u00e5 Emsal\u00f6 i Borg\u00e5. Jag spenderade otaliga timmar med barnen p\u00e5 stranden och d\u00e5 passa jag p\u00e5 att s\u00f6ka passliga stenar.<\/p>\n\n\n\n<p>F\u00f6rst beh\u00f6vde jag hitta ett lim som var tillr\u00e4ckligt starkt. Jag hittade Tremco PL400, som klarar av att h\u00e5lla ihop olika stora stenar. N\u00e4r det tog slut hitta jag det inte mera i n\u00e5gon j\u00e4rnhandel, s\u00e5 jag b\u00f6t till Pattex No More Nails. B\u00e5da var f\u00f6rm\u00e5nliga och h\u00f6ll ihop stenarna mycket b\u00e4ttre \u00e4n de flesta limmen. Nackdelen har varit att de torkar v\u00e4ldigt l\u00e5ngsamt. I praktiken har jag kunnat limma t.ex. bara en arm och sedan varit tvungen att v\u00e4nta ett dygn att det torkat innan jag kunnat limma den andra armen. S\u00e5 processen att laga ett stentroll har varit l\u00e5ng, men jag har ju limmat flera stentroll under samma dag. Ibland har det nog g\u00e5tt en vecka att jag inte limmat n\u00e5t alls. Jag har inte alls br\u00e5ttom.<\/p>\n\n\n\n<p>H\u00e5ret har varit f\u00e4rsk mossa som jag limmat p\u00e5 med samma massa som jag limmat ihop stenarna med. Det har varit det mest klottiga skedet &#8211; att trycka mossan med fingret i en klick med kladdig massa.<\/p>\n\n\n\n<p>\u00d6gonen har jag k\u00f6pt fr\u00e5n en vanlig pysselaff\u00e4r. De \u00e4r s\u00e5na som inte kan klistras direkt p\u00e5. S\u00e5na h\u00e5lls inte p\u00e5 stenens oj\u00e4mna yta. \u00d6gonen har jag limmat fast med kontaktlim. Det limmet har jag ocks\u00e5 anv\u00e4nt f\u00f6r att f\u00f6rst\u00e4rka h\u00e5rets f\u00e4ste.<\/p>\n\n\n\n<figure class=\"wp-block-gallery has-nested-images columns-default is-cropped wp-block-gallery-1 is-layout-flex wp-block-gallery-is-layout-flex\">\n<figure class=\"wp-block-image size-large\"><a href=\"https:\/\/kenda.fi\/troll\/wp-content\/uploads\/2025\/02\/kenda-stone-trolls-makingof-01.jpg\"><img loading=\"lazy\" decoding=\"async\" width=\"1800\" height=\"1013\" data-id=\"383\" src=\"https:\/\/kenda.fi\/troll\/wp-content\/uploads\/2025\/02\/kenda-stone-trolls-makingof-01-1800x1013.jpg\" alt=\"\" class=\"wp-image-383\" srcset=\"https:\/\/kenda.fi\/troll\/wp-content\/uploads\/2025\/02\/kenda-stone-trolls-makingof-01-1800x1013.jpg 1800w, https:\/\/kenda.fi\/troll\/wp-content\/uploads\/2025\/02\/kenda-stone-trolls-makingof-01-416x234.jpg 416w, https:\/\/kenda.fi\/troll\/wp-content\/uploads\/2025\/02\/kenda-stone-trolls-makingof-01-1200x675.jpg 1200w, https:\/\/kenda.fi\/troll\/wp-content\/uploads\/2025\/02\/kenda-stone-trolls-makingof-01-768x432.jpg 768w, https:\/\/kenda.fi\/troll\/wp-content\/uploads\/2025\/02\/kenda-stone-trolls-makingof-01-1536x864.jpg 1536w, https:\/\/kenda.fi\/troll\/wp-content\/uploads\/2025\/02\/kenda-stone-trolls-makingof-01.jpg 2000w\" sizes=\"auto, (max-width: 1800px) 100vw, 1800px\" \/><\/a><\/figure>\n\n\n\n<figure class=\"wp-block-image size-large\"><a href=\"https:\/\/kenda.fi\/troll\/wp-content\/uploads\/2025\/02\/kenda-stone-trolls-makingof-02.jpg\"><img loading=\"lazy\" decoding=\"async\" width=\"1800\" height=\"1350\" data-id=\"384\" src=\"https:\/\/kenda.fi\/troll\/wp-content\/uploads\/2025\/02\/kenda-stone-trolls-makingof-02-1800x1350.jpg\" alt=\"\" class=\"wp-image-384\" srcset=\"https:\/\/kenda.fi\/troll\/wp-content\/uploads\/2025\/02\/kenda-stone-trolls-makingof-02-1800x1350.jpg 1800w, https:\/\/kenda.fi\/troll\/wp-content\/uploads\/2025\/02\/kenda-stone-trolls-makingof-02-416x312.jpg 416w, https:\/\/kenda.fi\/troll\/wp-content\/uploads\/2025\/02\/kenda-stone-trolls-makingof-02-1200x900.jpg 1200w, https:\/\/kenda.fi\/troll\/wp-content\/uploads\/2025\/02\/kenda-stone-trolls-makingof-02-768x576.jpg 768w, https:\/\/kenda.fi\/troll\/wp-content\/uploads\/2025\/02\/kenda-stone-trolls-makingof-02-1536x1152.jpg 1536w, https:\/\/kenda.fi\/troll\/wp-content\/uploads\/2025\/02\/kenda-stone-trolls-makingof-02.jpg 2000w\" sizes=\"auto, (max-width: 1800px) 100vw, 1800px\" \/><\/a><\/figure>\n\n\n\n<figure class=\"wp-block-image size-large\"><a href=\"https:\/\/kenda.fi\/troll\/wp-content\/uploads\/2025\/02\/kenda-stone-trolls-makingof-03.jpg\"><img loading=\"lazy\" decoding=\"async\" width=\"1800\" height=\"1013\" data-id=\"385\" src=\"https:\/\/kenda.fi\/troll\/wp-content\/uploads\/2025\/02\/kenda-stone-trolls-makingof-03-1800x1013.jpg\" alt=\"\" class=\"wp-image-385\" srcset=\"https:\/\/kenda.fi\/troll\/wp-content\/uploads\/2025\/02\/kenda-stone-trolls-makingof-03-1800x1013.jpg 1800w, https:\/\/kenda.fi\/troll\/wp-content\/uploads\/2025\/02\/kenda-stone-trolls-makingof-03-416x234.jpg 416w, https:\/\/kenda.fi\/troll\/wp-content\/uploads\/2025\/02\/kenda-stone-trolls-makingof-03-1200x675.jpg 1200w, https:\/\/kenda.fi\/troll\/wp-content\/uploads\/2025\/02\/kenda-stone-trolls-makingof-03-768x432.jpg 768w, https:\/\/kenda.fi\/troll\/wp-content\/uploads\/2025\/02\/kenda-stone-trolls-makingof-03-1536x864.jpg 1536w, https:\/\/kenda.fi\/troll\/wp-content\/uploads\/2025\/02\/kenda-stone-trolls-makingof-03.jpg 2000w\" sizes=\"auto, (max-width: 1800px) 100vw, 1800px\" \/><\/a><\/figure>\n\n\n\n<figure class=\"wp-block-image size-large\"><a href=\"https:\/\/kenda.fi\/troll\/wp-content\/uploads\/2025\/02\/kenda-stone-trolls-makingof-04.jpg\"><img loading=\"lazy\" decoding=\"async\" width=\"1800\" height=\"1013\" data-id=\"386\" src=\"https:\/\/kenda.fi\/troll\/wp-content\/uploads\/2025\/02\/kenda-stone-trolls-makingof-04-1800x1013.jpg\" alt=\"\" class=\"wp-image-386\" srcset=\"https:\/\/kenda.fi\/troll\/wp-content\/uploads\/2025\/02\/kenda-stone-trolls-makingof-04-1800x1013.jpg 1800w, https:\/\/kenda.fi\/troll\/wp-content\/uploads\/2025\/02\/kenda-stone-trolls-makingof-04-416x234.jpg 416w, https:\/\/kenda.fi\/troll\/wp-content\/uploads\/2025\/02\/kenda-stone-trolls-makingof-04-1200x675.jpg 1200w, https:\/\/kenda.fi\/troll\/wp-content\/uploads\/2025\/02\/kenda-stone-trolls-makingof-04-768x432.jpg 768w, https:\/\/kenda.fi\/troll\/wp-content\/uploads\/2025\/02\/kenda-stone-trolls-makingof-04-1536x864.jpg 1536w, https:\/\/kenda.fi\/troll\/wp-content\/uploads\/2025\/02\/kenda-stone-trolls-makingof-04.jpg 2000w\" sizes=\"auto, (max-width: 1800px) 100vw, 1800px\" \/><\/a><\/figure>\n\n\n\n<figure class=\"wp-block-image size-large\"><a href=\"https:\/\/kenda.fi\/troll\/wp-content\/uploads\/2025\/02\/kenda-stone-trolls-makingof-05.jpg\"><img loading=\"lazy\" decoding=\"async\" width=\"1800\" height=\"1013\" data-id=\"387\" src=\"https:\/\/kenda.fi\/troll\/wp-content\/uploads\/2025\/02\/kenda-stone-trolls-makingof-05-1800x1013.jpg\" alt=\"\" class=\"wp-image-387\" srcset=\"https:\/\/kenda.fi\/troll\/wp-content\/uploads\/2025\/02\/kenda-stone-trolls-makingof-05-1800x1013.jpg 1800w, https:\/\/kenda.fi\/troll\/wp-content\/uploads\/2025\/02\/kenda-stone-trolls-makingof-05-416x234.jpg 416w, https:\/\/kenda.fi\/troll\/wp-content\/uploads\/2025\/02\/kenda-stone-trolls-makingof-05-1200x675.jpg 1200w, https:\/\/kenda.fi\/troll\/wp-content\/uploads\/2025\/02\/kenda-stone-trolls-makingof-05-768x432.jpg 768w, https:\/\/kenda.fi\/troll\/wp-content\/uploads\/2025\/02\/kenda-stone-trolls-makingof-05-1536x864.jpg 1536w, https:\/\/kenda.fi\/troll\/wp-content\/uploads\/2025\/02\/kenda-stone-trolls-makingof-05.jpg 2000w\" sizes=\"auto, (max-width: 1800px) 100vw, 1800px\" \/><\/a><\/figure>\n\n\n\n<figure class=\"wp-block-image size-large\"><a href=\"https:\/\/kenda.fi\/troll\/wp-content\/uploads\/2025\/02\/kenda-stone-trolls-makingof-06.jpg\"><img loading=\"lazy\" decoding=\"async\" width=\"1800\" height=\"1013\" data-id=\"388\" src=\"https:\/\/kenda.fi\/troll\/wp-content\/uploads\/2025\/02\/kenda-stone-trolls-makingof-06-1800x1013.jpg\" alt=\"\" class=\"wp-image-388\" srcset=\"https:\/\/kenda.fi\/troll\/wp-content\/uploads\/2025\/02\/kenda-stone-trolls-makingof-06-1800x1013.jpg 1800w, https:\/\/kenda.fi\/troll\/wp-content\/uploads\/2025\/02\/kenda-stone-trolls-makingof-06-416x234.jpg 416w, https:\/\/kenda.fi\/troll\/wp-content\/uploads\/2025\/02\/kenda-stone-trolls-makingof-06-1200x675.jpg 1200w, https:\/\/kenda.fi\/troll\/wp-content\/uploads\/2025\/02\/kenda-stone-trolls-makingof-06-768x432.jpg 768w, https:\/\/kenda.fi\/troll\/wp-content\/uploads\/2025\/02\/kenda-stone-trolls-makingof-06-1536x864.jpg 1536w, https:\/\/kenda.fi\/troll\/wp-content\/uploads\/2025\/02\/kenda-stone-trolls-makingof-06.jpg 2000w\" sizes=\"auto, (max-width: 1800px) 100vw, 1800px\" \/><\/a><\/figure>\n\n\n\n<figure class=\"wp-block-image size-large\"><a href=\"https:\/\/kenda.fi\/troll\/wp-content\/uploads\/2025\/02\/kenda-stone-trolls-makingof-07.jpg\"><img loading=\"lazy\" decoding=\"async\" width=\"1800\" height=\"1013\" data-id=\"389\" src=\"https:\/\/kenda.fi\/troll\/wp-content\/uploads\/2025\/02\/kenda-stone-trolls-makingof-07-1800x1013.jpg\" alt=\"\" class=\"wp-image-389\" srcset=\"https:\/\/kenda.fi\/troll\/wp-content\/uploads\/2025\/02\/kenda-stone-trolls-makingof-07-1800x1013.jpg 1800w, https:\/\/kenda.fi\/troll\/wp-content\/uploads\/2025\/02\/kenda-stone-trolls-makingof-07-416x234.jpg 416w, https:\/\/kenda.fi\/troll\/wp-content\/uploads\/2025\/02\/kenda-stone-trolls-makingof-07-1200x675.jpg 1200w, https:\/\/kenda.fi\/troll\/wp-content\/uploads\/2025\/02\/kenda-stone-trolls-makingof-07-768x432.jpg 768w, https:\/\/kenda.fi\/troll\/wp-content\/uploads\/2025\/02\/kenda-stone-trolls-makingof-07-1536x864.jpg 1536w, https:\/\/kenda.fi\/troll\/wp-content\/uploads\/2025\/02\/kenda-stone-trolls-makingof-07.jpg 2000w\" sizes=\"auto, (max-width: 1800px) 100vw, 1800px\" \/><\/a><\/figure>\n\n\n\n<figure class=\"wp-block-image size-large\"><a href=\"https:\/\/kenda.fi\/troll\/wp-content\/uploads\/2025\/02\/kenda-stone-trolls-makingof-08.jpg\"><img loading=\"lazy\" decoding=\"async\" width=\"1800\" height=\"1013\" data-id=\"390\" src=\"https:\/\/kenda.fi\/troll\/wp-content\/uploads\/2025\/02\/kenda-stone-trolls-makingof-08-1800x1013.jpg\" alt=\"\" class=\"wp-image-390\" srcset=\"https:\/\/kenda.fi\/troll\/wp-content\/uploads\/2025\/02\/kenda-stone-trolls-makingof-08-1800x1013.jpg 1800w, https:\/\/kenda.fi\/troll\/wp-content\/uploads\/2025\/02\/kenda-stone-trolls-makingof-08-416x234.jpg 416w, https:\/\/kenda.fi\/troll\/wp-content\/uploads\/2025\/02\/kenda-stone-trolls-makingof-08-1200x675.jpg 1200w, https:\/\/kenda.fi\/troll\/wp-content\/uploads\/2025\/02\/kenda-stone-trolls-makingof-08-768x432.jpg 768w, https:\/\/kenda.fi\/troll\/wp-content\/uploads\/2025\/02\/kenda-stone-trolls-makingof-08-1536x864.jpg 1536w, https:\/\/kenda.fi\/troll\/wp-content\/uploads\/2025\/02\/kenda-stone-trolls-makingof-08.jpg 2000w\" sizes=\"auto, (max-width: 1800px) 100vw, 1800px\" \/><\/a><\/figure>\n\n\n\n<figure class=\"wp-block-image size-large\"><a href=\"https:\/\/kenda.fi\/troll\/wp-content\/uploads\/2025\/02\/kenda-stone-trolls-makingof-09.jpg\"><img loading=\"lazy\" decoding=\"async\" width=\"1800\" height=\"1013\" data-id=\"391\" src=\"https:\/\/kenda.fi\/troll\/wp-content\/uploads\/2025\/02\/kenda-stone-trolls-makingof-09-1800x1013.jpg\" alt=\"\" class=\"wp-image-391\" srcset=\"https:\/\/kenda.fi\/troll\/wp-content\/uploads\/2025\/02\/kenda-stone-trolls-makingof-09-1800x1013.jpg 1800w, https:\/\/kenda.fi\/troll\/wp-content\/uploads\/2025\/02\/kenda-stone-trolls-makingof-09-416x234.jpg 416w, https:\/\/kenda.fi\/troll\/wp-content\/uploads\/2025\/02\/kenda-stone-trolls-makingof-09-1200x675.jpg 1200w, https:\/\/kenda.fi\/troll\/wp-content\/uploads\/2025\/02\/kenda-stone-trolls-makingof-09-768x432.jpg 768w, https:\/\/kenda.fi\/troll\/wp-content\/uploads\/2025\/02\/kenda-stone-trolls-makingof-09-1536x864.jpg 1536w, https:\/\/kenda.fi\/troll\/wp-content\/uploads\/2025\/02\/kenda-stone-trolls-makingof-09.jpg 2000w\" sizes=\"auto, (max-width: 1800px) 100vw, 1800px\" \/><\/a><\/figure>\n\n\n\n<figure class=\"wp-block-image size-large\"><a href=\"https:\/\/kenda.fi\/troll\/wp-content\/uploads\/2025\/02\/kenda-stone-trolls-makingof-10.jpg\"><img loading=\"lazy\" decoding=\"async\" width=\"1800\" height=\"1350\" data-id=\"392\" src=\"https:\/\/kenda.fi\/troll\/wp-content\/uploads\/2025\/02\/kenda-stone-trolls-makingof-10-1800x1350.jpg\" alt=\"\" class=\"wp-image-392\" srcset=\"https:\/\/kenda.fi\/troll\/wp-content\/uploads\/2025\/02\/kenda-stone-trolls-makingof-10-1800x1350.jpg 1800w, https:\/\/kenda.fi\/troll\/wp-content\/uploads\/2025\/02\/kenda-stone-trolls-makingof-10-416x312.jpg 416w, https:\/\/kenda.fi\/troll\/wp-content\/uploads\/2025\/02\/kenda-stone-trolls-makingof-10-1200x900.jpg 1200w, https:\/\/kenda.fi\/troll\/wp-content\/uploads\/2025\/02\/kenda-stone-trolls-makingof-10-768x576.jpg 768w, https:\/\/kenda.fi\/troll\/wp-content\/uploads\/2025\/02\/kenda-stone-trolls-makingof-10-1536x1152.jpg 1536w, https:\/\/kenda.fi\/troll\/wp-content\/uploads\/2025\/02\/kenda-stone-trolls-makingof-10.jpg 2000w\" sizes=\"auto, (max-width: 1800px) 100vw, 1800px\" \/><\/a><\/figure>\n\n\n\n<figure class=\"wp-block-image size-large\"><a href=\"https:\/\/kenda.fi\/troll\/wp-content\/uploads\/2025\/02\/kenda-stone-trolls-makingof-11.jpg\"><img loading=\"lazy\" decoding=\"async\" width=\"1800\" height=\"1013\" data-id=\"393\" src=\"https:\/\/kenda.fi\/troll\/wp-content\/uploads\/2025\/02\/kenda-stone-trolls-makingof-11-1800x1013.jpg\" alt=\"\" class=\"wp-image-393\" srcset=\"https:\/\/kenda.fi\/troll\/wp-content\/uploads\/2025\/02\/kenda-stone-trolls-makingof-11-1800x1013.jpg 1800w, https:\/\/kenda.fi\/troll\/wp-content\/uploads\/2025\/02\/kenda-stone-trolls-makingof-11-416x234.jpg 416w, https:\/\/kenda.fi\/troll\/wp-content\/uploads\/2025\/02\/kenda-stone-trolls-makingof-11-1200x675.jpg 1200w, https:\/\/kenda.fi\/troll\/wp-content\/uploads\/2025\/02\/kenda-stone-trolls-makingof-11-768x432.jpg 768w, https:\/\/kenda.fi\/troll\/wp-content\/uploads\/2025\/02\/kenda-stone-trolls-makingof-11-1536x864.jpg 1536w, https:\/\/kenda.fi\/troll\/wp-content\/uploads\/2025\/02\/kenda-stone-trolls-makingof-11.jpg 2000w\" sizes=\"auto, (max-width: 1800px) 100vw, 1800px\" \/><\/a><\/figure>\n\n\n\n<figure class=\"wp-block-image size-large\"><a href=\"https:\/\/kenda.fi\/troll\/wp-content\/uploads\/2025\/02\/kenda-stone-trolls-makingof-12.jpg\"><img loading=\"lazy\" decoding=\"async\" width=\"1800\" height=\"1013\" data-id=\"394\" src=\"https:\/\/kenda.fi\/troll\/wp-content\/uploads\/2025\/02\/kenda-stone-trolls-makingof-12-1800x1013.jpg\" alt=\"\" class=\"wp-image-394\" srcset=\"https:\/\/kenda.fi\/troll\/wp-content\/uploads\/2025\/02\/kenda-stone-trolls-makingof-12-1800x1013.jpg 1800w, https:\/\/kenda.fi\/troll\/wp-content\/uploads\/2025\/02\/kenda-stone-trolls-makingof-12-416x234.jpg 416w, https:\/\/kenda.fi\/troll\/wp-content\/uploads\/2025\/02\/kenda-stone-trolls-makingof-12-1200x675.jpg 1200w, https:\/\/kenda.fi\/troll\/wp-content\/uploads\/2025\/02\/kenda-stone-trolls-makingof-12-768x432.jpg 768w, https:\/\/kenda.fi\/troll\/wp-content\/uploads\/2025\/02\/kenda-stone-trolls-makingof-12-1536x864.jpg 1536w, https:\/\/kenda.fi\/troll\/wp-content\/uploads\/2025\/02\/kenda-stone-trolls-makingof-12.jpg 2000w\" sizes=\"auto, (max-width: 1800px) 100vw, 1800px\" \/><\/a><\/figure>\n<\/figure>\n\n\n\n<div class=\"wp-block-buttons is-content-justification-center is-layout-flex wp-container-core-buttons-is-layout-a89b3969 wp-block-buttons-is-layout-flex\">\n<div class=\"wp-block-button\"><a class=\"wp-block-button__link has-text-align-center wp-element-button\" href=\"https:\/\/kenda.fi\/troll\/kauppa\/\">Till webbutiken (p\u00e5 finska)<\/a><\/div>\n<\/div>\n","protected":false},"excerpt":{"rendered":"<p>Alla stenar och all mossa \u00e4r fr\u00e5n v\u00e5r egen strand och g\u00e5rd p\u00e5 Emsal\u00f6 i Borg\u00e5. Jag spenderade otaliga timmar med barnen p\u00e5 stranden och d\u00e5 passa jag p\u00e5 att s\u00f6ka passliga stenar. F\u00f6rst beh\u00f6vde jag hitta ett lim som var tillr\u00e4ckligt starkt. Jag hittade Tremco PL400, som klarar av att h\u00e5lla ihop olika stora [&hellip;]<\/p>\n","protected":false},"author":1,"featured_media":0,"parent":0,"menu_order":0,"comment_status":"closed","ping_status":"closed","template":"","meta":{"footnotes":""},"class_list":["post-95","page","type-page","status-publish","hentry"],"_links":{"self":[{"href":"https:\/\/kenda.fi\/troll\/wp-json\/wp\/v2\/pages\/95","targetHints":{"allow":["GET"]}}],"collection":[{"href":"https:\/\/kenda.fi\/troll\/wp-json\/wp\/v2\/pages"}],"about":[{"href":"https:\/\/kenda.fi\/troll\/wp-json\/wp\/v2\/types\/page"}],"author":[{"embeddable":true,"href":"https:\/\/kenda.fi\/troll\/wp-json\/wp\/v2\/users\/1"}],"replies":[{"embeddable":true,"href":"https:\/\/kenda.fi\/troll\/wp-json\/wp\/v2\/comments?post=95"}],"version-history":[{"count":7,"href":"https:\/\/kenda.fi\/troll\/wp-json\/wp\/v2\/pages\/95\/revisions"}],"predecessor-version":[{"id":586,"href":"https:\/\/kenda.fi\/troll\/wp-json\/wp\/v2\/pages\/95\/revisions\/586"}],"wp:attachment":[{"href":"https:\/\/kenda.fi\/troll\/wp-json\/wp\/v2\/media?parent=95"}],"curies":[{"name":"wp","href":"https:\/\/api.w.org\/{rel}","templated":true}]}}